{"id":33,"date":"2025-11-16T12:51:04","date_gmt":"2025-11-16T12:51:04","guid":{"rendered":"https:\/\/stina-lisa.com\/tjanster\/"},"modified":"2026-03-31T12:03:26","modified_gmt":"2026-03-31T12:03:26","slug":"tjanster","status":"publish","type":"page","link":"https:\/\/stina-lisa.com\/en\/tjanster\/","title":{"rendered":"F\u00f6rel\u00e4sningar"},"content":{"rendered":"<p class=\"has-medium-font-size\"><strong><strong>Jag pratar inte om hur man ska g\u00f6ra mer.<\/strong> <strong>Jag pratar om hur vi lever.<\/strong><\/strong><\/p>\n\n\n\n<p>Om varf\u00f6r s\u00e5 m\u00e5nga av oss g\u00e5r runt tr\u00f6tta, stressade och lite bortkopplade fr\u00e5n oss sj\u00e4lva  -trots att vi f\u00f6rs\u00f6ker f\u00e5 ihop allt. Jag vet hur det k\u00e4nns. Att k\u00f6ra p\u00e5, h\u00e5lla ihop, inte riktigt stanna upp\u2026och till slut inte k\u00e4nna sig sj\u00e4lv lika tydligt l\u00e4ngre.<\/p>\n\n\n\n<p>F\u00f6r mig kr\u00e4vdes det en ganska brutal v\u00e4ckarklocka f\u00f6r att b\u00f6rja se saker annorlunda.Och \u00e4ven om jag idag \u00e4r tacksam f\u00f6r den, s\u00e5 tror jag inte att vi ska beh\u00f6va g\u00e5 s\u00e5 l\u00e5ngt f\u00f6r att b\u00f6rja leva p\u00e5 riktigt. Det \u00e4r det jag vill bidra med. Inte fler krav. Inte fler m\u00e5sten. Utan perspektiv, igenk\u00e4nning och sm\u00e5 skiften som g\u00f6r att vi faktiskt kan stanna upp lite och b\u00f6rja leva mer h\u00e4r och nu\u00a0<\/p>\n\n\n\n<p>What I offer are talks and conversations that spark perspective, recognition, and reflection.<br>Inte f\u00e4rdiga svar \u2013 utan utrymme f\u00f6r reflektion. H\u00e4r \u00e4r n\u00e5gra av f\u00f6rel\u00e4sningarna jag erbjuder:<\/p>\n\n\n\n<hr class=\"wp-block-separator has-alpha-channel-opacity\"\/>\n\n\n\n<p class=\"has-medium-font-size\">  \u2728<strong> N\u00e4r ditt huvud blir ditt f\u00e4ngelse \u2013 om att bli fri<\/strong><\/p>\n\n\n\n<p>En f\u00f6rel\u00e4sning om hur livet kan f\u00f6r\u00e4ndras p\u00e5 en sekund \u2013 och vad som h\u00e4nder efter\u00e5t.<\/p>\n\n\n\n<p>Med utg\u00e5ngspunkt i min egen resa utforskar vi hur v\u00e5ra tankar och m\u00f6nster kan bli det som h\u00e5ller oss mest tillbaka \u2013 och hur ett skifte i perspektiv kan \u00f6ppna upp f\u00f6r en helt annan typ av frihet.<\/p>\n\n\n\n<p>Inte perfekt.<\/p>\n\n\n\n<p>Men friare \u00e4n n\u00e5gonsin.<\/p>\n\n\n\n<hr class=\"wp-block-separator has-alpha-channel-opacity\"\/>\n\n\n\n<p class=\"has-medium-font-size\">\u2728<strong> Att leva sen \u2013 det st\u00f6rsta sj\u00e4lvbedr\u00e4geriet vi har<\/strong><\/p>\n\n\n\n<p>Vi lever ofta som att livet ska b\u00f6rja sen\u2026 n\u00e4r allt lugnat ner sig och vi f\u00e5tt kontroll.<\/p>\n\n\n\n<p>Men mitt i sm\u00e5barns\u00e5r, jobb och alla krav f\u00f6rs\u00f6ker vi samtidigt leva upp till n\u00e5gon slags bild av hur allt ska vara \u2013 och skjuter bort det vi faktiskt m\u00e5r bra av.<\/p>\n\n\n\n<p>Den h\u00e4r f\u00f6rel\u00e4sningen handlar om att sl\u00e4ppa lite av kontrollen, b\u00f6rja leva mer h\u00e4r och nu \u2013 och faktiskt kunna njuta av kaoset.<\/p>\n\n\n\n<p>F\u00f6r livet h\u00e4nder inte sen.<\/p>\n\n\n\n<p>Det h\u00e4nder nu. P\u00e5 riktigt.<\/p>\n\n\n\n<hr class=\"wp-block-separator has-alpha-channel-opacity\"\/>\n\n\n\n<p class=\"has-medium-font-size\">\u2728<strong> N\u00e4r skiten tr\u00e4ffar fl\u00e4kten \u2013 och du har inget kvar p\u00e5 energikontot<\/strong><\/p>\n\n\n\n<p>En f\u00f6rel\u00e4sning om att leva precis p\u00e5 gr\u00e4nsen \u2013 d\u00e4r man vet att det \u00e4r f\u00f6r mycket, men \u00e4nd\u00e5 forts\u00e4tter\u2026 tills livet h\u00e4nder.<\/p>\n\n\n\n<p>Genom min egen resa som det d\u00e4r lite skr\u00e4mmande, d\u00e5liga exemplet s\u00e4tter jag ord p\u00e5 varf\u00f6r det inte handlar om att orka mer \u2013 utan om att b\u00f6rja prioritera sig sj\u00e4lv i tid.<\/p>\n\n\n\n<p>Inte f\u00f6r din egen skull.<\/p>\n\n\n\n<p>Utan f\u00f6r att faktiskt kunna finnas d\u00e4r n\u00e4r det g\u00e4ller.<\/p>\n\n\n\n<hr class=\"wp-block-separator has-alpha-channel-opacity\"\/>\n\n\n\n<p>Vill du skapa en f\u00f6rel\u00e4sning som inte bara passerar utan faktiskt landar? <br>H\u00f6r av dig s\u00e5 ser vi vad som passar i just ert sammanhang<\/p>\n\n\n\n<div class=\"wp-block-buttons is-layout-flex wp-block-buttons-is-layout-flex\">\n<div class=\"wp-block-button is-style-outline is-style-outline--1\"><a class=\"wp-block-button__link wp-element-button\" href=\"https:\/\/stina-lisa.com\/en\/kontakt\/\">\ud83d\udc49\u00a0Kontakta mig<\/a><\/div>\n<\/div>\n\n\n\n<hr class=\"wp-block-separator has-alpha-channel-opacity\"\/>","protected":false},"excerpt":{"rendered":"<p>Jag pratar inte om hur man ska g\u00f6ra mer. Jag pratar om hur vi lever. Om varf\u00f6r s\u00e5 m\u00e5nga av oss g\u00e5r runt tr\u00f6tta, stressade och lite bortkopplade fr\u00e5n oss [&hellip;]<\/p>\n","protected":false},"author":1,"featured_media":0,"parent":0,"menu_order":0,"comment_status":"closed","ping_status":"closed","template":"page-with-title","meta":{"_EventAllDay":false,"_EventTimezone":"","_EventStartDate":"","_EventEndDate":"","_EventStartDateUTC":"","_EventEndDateUTC":"","_EventShowMap":false,"_EventShowMapLink":false,"_EventURL":"","_EventCost":"","_EventCostDescription":"","_EventCurrencySymbol":"","_EventCurrencyCode":"","_EventCurrencyPosition":"","_EventDateTimeSeparator":"","_EventTimeRangeSeparator":"","_EventOrganizerID":[],"_EventVenueID":[],"_OrganizerEmail":"","_OrganizerPhone":"","_OrganizerWebsite":"","_VenueAddress":"","_VenueCity":"","_VenueCountry":"","_VenueProvince":"","_VenueState":"","_VenueZip":"","_VenuePhone":"","_VenueURL":"","_VenueStateProvince":"","_VenueLat":"","_VenueLng":"","_VenueShowMap":false,"_VenueShowMapLink":false,"footnotes":""},"class_list":["post-33","page","type-page","status-publish","hentry"],"aioseo_notices":[],"_links":{"self":[{"href":"https:\/\/stina-lisa.com\/en\/wp-json\/wp\/v2\/pages\/33","targetHints":{"allow":["GET"]}}],"collection":[{"href":"https:\/\/stina-lisa.com\/en\/wp-json\/wp\/v2\/pages"}],"about":[{"href":"https:\/\/stina-lisa.com\/en\/wp-json\/wp\/v2\/types\/page"}],"author":[{"embeddable":true,"href":"https:\/\/stina-lisa.com\/en\/wp-json\/wp\/v2\/users\/1"}],"replies":[{"embeddable":true,"href":"https:\/\/stina-lisa.com\/en\/wp-json\/wp\/v2\/comments?post=33"}],"version-history":[{"count":15,"href":"https:\/\/stina-lisa.com\/en\/wp-json\/wp\/v2\/pages\/33\/revisions"}],"predecessor-version":[{"id":533,"href":"https:\/\/stina-lisa.com\/en\/wp-json\/wp\/v2\/pages\/33\/revisions\/533"}],"wp:attachment":[{"href":"https:\/\/stina-lisa.com\/en\/wp-json\/wp\/v2\/media?parent=33"}],"curies":[{"name":"wp","href":"https:\/\/api.w.org\/{rel}","templated":true}]}}