{"id":37,"date":"2025-11-16T12:51:05","date_gmt":"2025-11-16T12:51:05","guid":{"rendered":"https:\/\/stina-lisa.com\/startsida\/"},"modified":"2026-03-29T13:11:47","modified_gmt":"2026-03-29T13:11:47","slug":"startsida","status":"publish","type":"page","link":"https:\/\/stina-lisa.com\/","title":{"rendered":"Home"},"content":{"rendered":"<div class=\"wp-block-group alignfull has-tertiary-background-color has-background has-global-padding is-content-justification-center is-layout-constrained wp-container-core-group-is-layout-2d307409 wp-block-group-is-layout-constrained\" style=\"border-radius:1.5rem;padding-top:var(--wp--preset--spacing--60);padding-right:var(--wp--preset--spacing--40);padding-bottom:var(--wp--preset--spacing--60);padding-left:var(--wp--preset--spacing--40)\">\n<h2 class=\"wp-block-heading has-text-align-center has-primary-color has-text-color has-link-color has-oswald-font-family wp-elements-26b34880fea7003df67c4588da14d748\"><mark style=\"background-color:rgba(0, 0, 0, 0);color:#f7c719d4\" class=\"has-inline-color\">Inte perfekt. Bara p\u00e5 riktigt.  <\/mark><\/h2>\n\n\n\n<div class=\"wp-block-cover is-light wp-duotone-grayscale\" style=\"border-radius:1.5rem;padding-top:var(--wp--preset--spacing--60);padding-bottom:var(--wp--preset--spacing--60);min-height:100%;aspect-ratio:unset;\"><img loading=\"lazy\" decoding=\"async\" width=\"768\" height=\"1024\" class=\"wp-block-cover__image-background wp-image-139 size-large\" alt=\"\" src=\"https:\/\/stina-lisa.com\/wp-content\/uploads\/2025\/11\/88DEA273-16A2-42C1-80F9-6391978D66EA-1-768x1024.jpg\" data-object-fit=\"cover\" srcset=\"https:\/\/stina-lisa.com\/wp-content\/uploads\/2025\/11\/88DEA273-16A2-42C1-80F9-6391978D66EA-1-768x1024.jpg 768w, https:\/\/stina-lisa.com\/wp-content\/uploads\/2025\/11\/88DEA273-16A2-42C1-80F9-6391978D66EA-1-600x800.jpg 600w, https:\/\/stina-lisa.com\/wp-content\/uploads\/2025\/11\/88DEA273-16A2-42C1-80F9-6391978D66EA-1-225x300.jpg 225w, https:\/\/stina-lisa.com\/wp-content\/uploads\/2025\/11\/88DEA273-16A2-42C1-80F9-6391978D66EA-1-1152x1536.jpg 1152w, https:\/\/stina-lisa.com\/wp-content\/uploads\/2025\/11\/88DEA273-16A2-42C1-80F9-6391978D66EA-1.jpg 1158w\" sizes=\"auto, (max-width: 768px) 100vw, 768px\" \/><span aria-hidden=\"true\" class=\"wp-block-cover__background has-background-dim-0 has-background-dim\" style=\"background-color:#c1b6bb\"><\/span><div class=\"wp-block-cover__inner-container has-global-padding is-layout-constrained wp-block-cover-is-layout-constrained\">\n<div style=\"height:380px\" aria-hidden=\"true\" class=\"wp-block-spacer\"><\/div>\n<\/div><\/div>\n\n\n\n<p class=\"has-text-align-center has-text-color has-link-color has-oswald-font-family wp-elements-3b28a086f1088acc87031d4f30ddb655\" style=\"color:#f3f2f0db;margin-top:16px\"><strong>Stina-Lisa<\/strong><\/p>\n\n\n\n<p class=\"has-text-align-center has-text-color has-link-color has-oswald-font-family wp-elements-4f0f7b60e8668cc1c58fa20ee28538c5\" style=\"color:#f3f2f0db;margin-top:16px\">Jag skapar saker f\u00f6r dig som k\u00e4nner att det \u00e4r lite f\u00f6r mycket ibland och vill att livet ska k\u00e4nnas &#8211; inte bara rulla p\u00e5. <\/p>\n\n\n\n<p class=\"has-text-align-center has-text-color has-link-color has-oswald-font-family has-medium-font-size wp-elements-ba9c1cb69c6d5c3764566b41504b31ec\" style=\"color:#ebe9e3ed;margin-top:16px\"><strong>Utforska \u2193<\/strong><\/p>\n<\/div>\n\n\n\n<div class=\"wp-block-group alignfull has-background-background-color has-background has-global-padding is-layout-constrained wp-container-core-group-is-layout-7276a2bb wp-block-group-is-layout-constrained\" id=\"evenemang\" style=\"margin-top:0;margin-bottom:0;padding-top:var(--wp--preset--spacing--60);padding-right:var(--wp--preset--spacing--30);padding-bottom:var(--wp--preset--spacing--60);padding-left:var(--wp--preset--spacing--30)\">\n<div class=\"wp-block-group alignwide is-vertical is-content-justification-center is-layout-flex wp-container-core-group-is-layout-5e763914 wp-block-group-is-layout-flex\">\n<h2 class=\"wp-block-heading has-text-align-center has-koulen-font-family has-large-font-size\" style=\"line-height:0\">V\u00e4lj vad du beh\u00f6ver just nu<\/h2>\n<\/div>\n\n\n\n<div class=\"wp-block-columns alignwide is-layout-flex wp-container-core-columns-is-layout-5b525043 wp-block-columns-is-layout-flex\">\n<div class=\"wp-block-column is-layout-flow wp-block-column-is-layout-flow\">\n<figure class=\"wp-block-image size-full has-custom-border ext-aspect-landscape\"><img loading=\"lazy\" decoding=\"async\" width=\"1024\" height=\"1024\" src=\"https:\/\/stina-lisa.com\/wp-content\/uploads\/2026\/03\/Promenera-med-stina-lisa-1.png\" alt=\"\" class=\"wp-image-505\" style=\"border-radius:1rem;aspect-ratio:4\/3;object-fit:cover\" srcset=\"https:\/\/stina-lisa.com\/wp-content\/uploads\/2026\/03\/Promenera-med-stina-lisa-1.png 1024w, https:\/\/stina-lisa.com\/wp-content\/uploads\/2026\/03\/Promenera-med-stina-lisa-1-300x300.png 300w, https:\/\/stina-lisa.com\/wp-content\/uploads\/2026\/03\/Promenera-med-stina-lisa-1-150x150.png 150w, https:\/\/stina-lisa.com\/wp-content\/uploads\/2026\/03\/Promenera-med-stina-lisa-1-768x768.png 768w, https:\/\/stina-lisa.com\/wp-content\/uploads\/2026\/03\/Promenera-med-stina-lisa-1-12x12.png 12w, https:\/\/stina-lisa.com\/wp-content\/uploads\/2026\/03\/Promenera-med-stina-lisa-1-600x600.png 600w, https:\/\/stina-lisa.com\/wp-content\/uploads\/2026\/03\/Promenera-med-stina-lisa-1-100x100.png 100w\" sizes=\"auto, (max-width: 1024px) 100vw, 1024px\" \/><\/figure>\n\n\n\n<h4 class=\"wp-block-heading has-text-align-center has-oswald-font-family\" style=\"margin-top:26px;margin-bottom:0;font-size:clamp(14px, 0.875rem + ((1vw - 3.2px) * 0.625), 20px);line-height:1.1\"><mark style=\"background-color:rgba(0, 0, 0, 0);color:#dedcd8f0\" class=\"has-inline-color\">Promenera med STIna-Lisa<\/mark><\/h4>\n\n\n\n<p class=\"has-text-align-center has-oswald-font-family has-medium-font-size\" style=\"margin-top:0;margin-right:0;margin-bottom:0;margin-left:0;padding-top:0;padding-bottom:0;line-height:1.2\">En podd f\u00f6r dig som vill bli lite sn\u00e4llare mot dig sj\u00e4lv. Reflektioner, igenk\u00e4nning och tankar &#8211; mitt i livet, utan perfektion. <\/p>\n\n\n\n<div class=\"wp-block-buttons is-vertical is-content-justification-center is-layout-flex wp-container-core-buttons-is-layout-5e763914 wp-block-buttons-is-layout-flex\">\n<div class=\"wp-block-button is-style-fill\"><a class=\"wp-block-button__link has-background has-medium-font-size has-custom-font-size wp-element-button\" href=\"https:\/\/open.spotify.com\/show\/4B4y6lpM2zi1IJTHfsBiRe?si=882ef6d38cf643f9\" style=\"background-color:#f8d164ed;line-height:1.3\"><strong>Lyssna h\u00e4r<\/strong><\/a><\/div>\n<\/div>\n<\/div>\n\n\n\n<div class=\"wp-block-column is-layout-flow wp-block-column-is-layout-flow\">\n<figure class=\"wp-block-image size-full is-resized has-custom-border ext-aspect-landscape\"><img loading=\"lazy\" decoding=\"async\" width=\"267\" height=\"267\" src=\"https:\/\/stina-lisa.com\/wp-content\/uploads\/2026\/03\/THE-UNPOLISHED-SISTERHOOD.png\" alt=\"\" class=\"wp-image-516\" style=\"border-radius:1rem;aspect-ratio:1.3333333333333333;object-fit:cover;width:354px;height:auto\" srcset=\"https:\/\/stina-lisa.com\/wp-content\/uploads\/2026\/03\/THE-UNPOLISHED-SISTERHOOD.png 267w, https:\/\/stina-lisa.com\/wp-content\/uploads\/2026\/03\/THE-UNPOLISHED-SISTERHOOD-150x150.png 150w, https:\/\/stina-lisa.com\/wp-content\/uploads\/2026\/03\/THE-UNPOLISHED-SISTERHOOD-12x12.png 12w, https:\/\/stina-lisa.com\/wp-content\/uploads\/2026\/03\/THE-UNPOLISHED-SISTERHOOD-100x100.png 100w\" sizes=\"auto, (max-width: 267px) 100vw, 267px\" \/><\/figure>\n\n\n\n<h2 class=\"wp-block-heading has-text-align-center has-oswald-font-family\" style=\"margin-top:23px;margin-bottom:0;font-size:clamp(14px, 0.875rem + ((1vw - 3.2px) * 0.521), 19px);line-height:1.5\">F\u00f6r KVINNOR som prioriterar alla andra f\u00f6re sig sj\u00e4lva.<\/h2>\n\n\n\n<p class=\"has-text-align-center\" style=\"line-height:1.2;text-transform:none\"><strong>Stanna upp.<br>Sl\u00e4pp kraven.<br>K\u00e4nn kraften komma tillbaka<\/strong><\/p>\n\n\n\n<p class=\"has-text-align-center has-oswald-font-family has-medium-font-size\" style=\"margin-top:0;margin-bottom:0;padding-top:0;padding-bottom:0;line-height:1.3\"><strong>Varje vecka. En timme. Bara f\u00f6r dig.<\/strong><\/p>\n\n\n\n<div class=\"wp-block-buttons is-content-justification-center is-layout-flex wp-container-core-buttons-is-layout-b5994976 wp-block-buttons-is-layout-flex\">\n<div class=\"wp-block-button has-custom-width wp-block-button__width-75 is-style-ext-preset--button--natural-1--button-1 is-style-ext-preset--button--natural-1--button-1--1\"><a class=\"wp-block-button__link has-background-color has-text-color has-background has-link-color has-medium-font-size has-text-align-center has-custom-font-size wp-element-button\" href=\"https:\/\/stina-lisa.com\/en\/448-2\/\" style=\"border-top-left-radius:51px;border-top-right-radius:51px;border-bottom-left-radius:51px;border-bottom-right-radius:51px;background-color:#f8d164ed;padding-top:var(--wp--preset--spacing--20);padding-right:var(--wp--preset--spacing--30);padding-bottom:var(--wp--preset--spacing--20);padding-left:var(--wp--preset--spacing--30)\"><strong>Boka \/ L\u00e4s mer<\/strong><\/a><\/div>\n<\/div>\n<\/div>\n\n\n\n<div class=\"wp-block-column is-layout-flow wp-block-column-is-layout-flow\">\n<figure class=\"wp-block-image size-full has-custom-border ext-aspect-landscape\"><img decoding=\"async\" src=\"https:\/\/stina-lisa.com\/wp-content\/uploads\/2025\/11\/IMG_7154.jpg\" alt=\"\" class=\"wp-image-125\" style=\"border-radius:1rem;aspect-ratio:4\/3;object-fit:cover\"\/><\/figure>\n\n\n\n<h3 class=\"wp-block-heading has-text-align-center has-oswald-font-family\" style=\"margin-top:24px;font-size:clamp(14px, 0.875rem + ((1vw - 3.2px) * 0.625), 20px);line-height:1.1\"><mark style=\"background-color:rgba(0, 0, 0, 0);color:#dedcd8f0\" class=\"has-inline-color\">TALKS &amp; COLLABORATIONS<\/mark>N<\/h3>\n\n\n\n<p class=\"has-text-align-center has-oswald-font-family has-medium-font-size\" style=\"margin-top:7px;line-height:1.2\">Om stress, prestation och att vara m\u00e4nniska i ett liv som g\u00e5r lite f\u00f6r fort. <br><\/p>\n\n\n\n<div class=\"wp-block-buttons is-content-justification-center is-layout-flex wp-container-core-buttons-is-layout-23a043ba wp-block-buttons-is-layout-flex\">\n<div class=\"wp-block-button is-style-fill\"><a class=\"wp-block-button__link has-background has-medium-font-size has-text-align-center has-custom-font-size wp-element-button\" href=\"https:\/\/stina-lisa.com\/en\/tjanster\/\" style=\"background-color:#f8d164ed\"><strong>Boka\/L\u00e4s mer <\/strong><\/a><\/div>\n<\/div>\n<\/div>\n<\/div>\n<\/div>\n\n\n\n<div class=\"wp-block-columns alignwide is-layout-flex wp-container-core-columns-is-layout-87beb0d0 wp-block-columns-is-layout-flex\">\n<div class=\"wp-block-column is-vertically-aligned-stretch is-layout-flow wp-block-column-is-layout-flow\"><\/div>\n\n\n\n<div class=\"wp-block-column is-vertically-aligned-center is-layout-flow wp-block-column-is-layout-flow\">\n<div class=\"wp-block-columns alignwide is-layout-flex wp-container-core-columns-is-layout-87beb0d0 wp-block-columns-is-layout-flex\">\n<div class=\"wp-block-column is-layout-flow wp-block-column-is-layout-flow\"><\/div>\n\n\n\n<div class=\"wp-block-column is-layout-flow wp-block-column-is-layout-flow\"><\/div>\n<\/div>\n<\/div>\n<\/div>\n\n\n\n<div class=\"wp-block-group alignfull has-tertiary-background-color has-background has-global-padding is-layout-constrained wp-block-group-is-layout-constrained\" id=\"kontakt\" style=\"margin-top:0;margin-bottom:0;padding-top:var(--wp--preset--spacing--60);padding-bottom:var(--wp--preset--spacing--60)\">\n<div class=\"wp-block-group alignwide has-global-padding is-layout-constrained wp-block-group-is-layout-constrained\">\n<h2 class=\"wp-block-heading has-text-align-center has-oswald-font-family has-large-font-size\">LET\u2019S CONNECT<\/h2>\n\n\n\n<p class=\"has-text-align-center has-oswald-font-family\" style=\"margin-top:16px\">Want to collaborate, book a conversation, or just say hi?<\/p>\n\n\n\n<p class=\"has-text-align-center has-oswald-font-family\">I value genuine connections \u2014 whether it\u2019s about ideas, life, or coffee.<\/p>\n\n\n\n<p class=\"has-text-align-center has-oswald-font-family\" style=\"margin-top:16px\">Write to me:<br><strong><a>hej@stina-lisa.com<\/a><\/strong><\/p>\n<\/div>\n<\/div>","protected":false},"excerpt":{"rendered":"<p>Inte perfekt. Bara p\u00e5 riktigt. Stina-Lisa Jag skapar saker f\u00f6r dig som k\u00e4nner att det \u00e4r lite f\u00f6r mycket ibland och vill att livet ska k\u00e4nnas &#8211; inte bara rulla [&hellip;]<\/p>\n","protected":false},"author":1,"featured_media":0,"parent":0,"menu_order":0,"comment_status":"closed","ping_status":"closed","template":"page-with-title","meta":{"_EventAllDay":false,"_EventTimezone":"","_EventStartDate":"","_EventEndDate":"","_EventStartDateUTC":"","_EventEndDateUTC":"","_EventShowMap":false,"_EventShowMapLink":false,"_EventURL":"","_EventCost":"","_EventCostDescription":"","_EventCurrencySymbol":"","_EventCurrencyCode":"","_EventCurrencyPosition":"","_EventDateTimeSeparator":"","_EventTimeRangeSeparator":"","_EventOrganizerID":[],"_EventVenueID":[],"_OrganizerEmail":"","_OrganizerPhone":"","_OrganizerWebsite":"","_VenueAddress":"","_VenueCity":"","_VenueCountry":"","_VenueProvince":"","_VenueState":"","_VenueZip":"","_VenuePhone":"","_VenueURL":"","_VenueStateProvince":"","_VenueLat":"","_VenueLng":"","_VenueShowMap":false,"_VenueShowMapLink":false,"footnotes":""},"class_list":["post-37","page","type-page","status-publish","hentry"],"aioseo_notices":[],"_links":{"self":[{"href":"https:\/\/stina-lisa.com\/en\/wp-json\/wp\/v2\/pages\/37","targetHints":{"allow":["GET"]}}],"collection":[{"href":"https:\/\/stina-lisa.com\/en\/wp-json\/wp\/v2\/pages"}],"about":[{"href":"https:\/\/stina-lisa.com\/en\/wp-json\/wp\/v2\/types\/page"}],"author":[{"embeddable":true,"href":"https:\/\/stina-lisa.com\/en\/wp-json\/wp\/v2\/users\/1"}],"replies":[{"embeddable":true,"href":"https:\/\/stina-lisa.com\/en\/wp-json\/wp\/v2\/comments?post=37"}],"version-history":[{"count":32,"href":"https:\/\/stina-lisa.com\/en\/wp-json\/wp\/v2\/pages\/37\/revisions"}],"predecessor-version":[{"id":524,"href":"https:\/\/stina-lisa.com\/en\/wp-json\/wp\/v2\/pages\/37\/revisions\/524"}],"wp:attachment":[{"href":"https:\/\/stina-lisa.com\/en\/wp-json\/wp\/v2\/media?parent=37"}],"curies":[{"name":"wp","href":"https:\/\/api.w.org\/{rel}","templated":true}]}}